{"id":2,"date":"2023-04-27T10:54:07","date_gmt":"2023-04-27T10:54:07","guid":{"rendered":"https:\/\/arduinofp.edurobotic.eus\/?page_id=2"},"modified":"2023-05-11T10:52:13","modified_gmt":"2023-05-11T10:52:13","slug":"pagina-ejemplo","status":"publish","type":"page","link":"https:\/\/arduinofp.edurobotic.eus\/","title":{"rendered":"CURSO DE ARDUINO"},"content":{"rendered":"\n<h2 class=\"wp-block-heading\">RECURSOS<\/h2>\n\n\n\n<p><strong>ARDUINO BLOCKS<\/strong><\/p>\n\n\n\n<blockquote class=\"wp-block-quote\">\n<p><\/p>\n<\/blockquote>\n\n\n\n<ul>\n<li><a href=\"https:\/\/drive.google.com\/file\/d\/1wAwMRBJ44cq7AlUeSy3cbjLUI-aIwr81\/view?usp=share_link\" target=\"_blank\" rel=\"noreferrer noopener\">Arduino Blocks. Manual de referencia y 40 proyectos.<\/a><\/li>\n\n\n\n<li><a href=\"https:\/\/drive.google.com\/file\/d\/1kXX745DAb1ML9RO7bQqEQSLJDUJvzI_2\/view?usp=sharing\" target=\"_blank\" rel=\"noreferrer noopener\">Arduino Blocks. Pr\u00e1cticas sencillas.<\/a><\/li>\n\n\n\n<li><a href=\"https:\/\/drive.google.com\/file\/d\/1tdJcpXGrtWiHkluWZbCdZ4ktPrRdrMfN\/view?usp=share_link\" target=\"_blank\" rel=\"noreferrer noopener\">Multitarea en Arduino Blocks.<\/a><\/li>\n\n\n\n<li><a rel=\"noreferrer noopener\" href=\"https:\/\/drive.google.com\/file\/d\/1_RCRUJvqsmzCIbPvkwIhONZb51bBrC5l\/view?usp=share_link\" target=\"_blank\">Usuarios gestionados. Profesores\/Alumnos.<\/a><\/li>\n<\/ul>\n\n\n\n<p><strong>ARDUINO<\/strong><\/p>\n\n\n\n<ul>\n<li><a rel=\"noreferrer noopener\" href=\"https:\/\/drive.google.com\/file\/d\/1NEiK2O6Ltk0ismS3ZmxnXRP_7gfoZVdC\/view?usp=share_link\" target=\"_blank\">Manual programaci\u00f3n ARDUINO<\/a><\/li>\n\n\n\n<li><a rel=\"noreferrer noopener\" href=\"https:\/\/www.arduino.cc\/reference\/en\/\" target=\"_blank\">Referencia del lenguaje<\/a><\/li>\n\n\n\n<li><a href=\"https:\/\/www.youtube.com\/watch?v=eBVvD85Ml2c&amp;list=PLkjnQ3NFTPnY1eNyLDGi547gkVui1vyn2\" target=\"_blank\" rel=\"noreferrer noopener\">Curso en YouTube por Bitwise.<\/a><\/li>\n<\/ul>\n\n\n\n<p><strong>KIT ELEGOO<\/strong><\/p>\n\n\n\n<ul>\n<li><a href=\"https:\/\/drive.google.com\/drive\/folders\/1Oq6TJk84Ny2ajqFzasY0uqK_5rlLSDyU?usp=share_link\" target=\"_blank\" rel=\"noreferrer noopener\">Hoja de datos de los componentes del kit.<\/a><\/li>\n\n\n\n<li><a href=\"https:\/\/drive.google.com\/drive\/folders\/1zb1aC-GlcPDEiKdYYmK2R1ozzlzHSKLO?usp=share_link\" target=\"_blank\" rel=\"noreferrer noopener\">Ejemplos y ejercicios de los diferentes componentes.<\/a><\/li>\n\n\n\n<li><a rel=\"noreferrer noopener\" href=\"https:\/\/drive.google.com\/drive\/folders\/1foWsGTvSx-xnoAV7usbwOsx9ul3vu-qx?usp=share_link\" target=\"_blank\">Librer\u00edas y alg\u00fan ejemplo m\u00e1s.<\/a><\/li>\n\n\n\n<li><a href=\"https:\/\/drive.google.com\/drive\/folders\/1u8lHiLL6dbmwAIX0rXu6SDyaGtI43AOi?usp=sharing\" target=\"_blank\" rel=\"noreferrer noopener\">Hoja de datos y ejemplos del kit de expasi\u00f3n.<\/a><\/li>\n\n\n\n<li><a href=\"https:\/\/drive.google.com\/drive\/folders\/1aR-f4D8h4rrStacxHQjWwTZkkmhQ7MiS?usp=share_link\" target=\"_blank\" rel=\"noreferrer noopener\">Librer\u00edas del kit de expansi\u00f3n.<\/a><\/li>\n<\/ul>\n\n\n\n<p><strong>WEBS<\/strong><\/p>\n\n\n\n<ul>\n<li><a rel=\"noreferrer noopener\" href=\"https:\/\/www.luisllamas.es\/\" target=\"_blank\">Luis Llamas. Ingenier\u00eda Inform\u00e1tica y Dise\u00f1o.<\/a><\/li>\n\n\n\n<li><a href=\"https:\/\/www.arduino.cc\/\" target=\"_blank\" rel=\"noreferrer noopener\">Arduino web oficial.<\/a><\/li>\n\n\n\n<li><a rel=\"noreferrer noopener\" href=\"http:\/\/www.arduinoblocks.com\/\" target=\"_blank\">ArduinoBlocks.<\/a><\/li>\n\n\n\n<li><a rel=\"noreferrer noopener\" href=\"https:\/\/www.aprendiendoarduino.com\/cursos\/iniciacion-arduino-2019\/\" target=\"_blank\">Curso iniciaci<\/a><a href=\"https:\/\/www.aprendiendoarduino.com\/cursos\/iniciacion-arduino-2019\/\" target=\"_blank\" rel=\"noreferrer noopener\">\u00f3<\/a><a rel=\"noreferrer noopener\" href=\"https:\/\/www.aprendiendoarduino.com\/cursos\/iniciacion-arduino-2019\/\" target=\"_blank\">n (aprendiendoarduino.com)<\/a><\/li>\n\n\n\n<li><a href=\"https:\/\/www.aprendiendoarduino.com\/cursos\/historico-de-cursos\/arduino-avanzado-2016\/\" target=\"_blank\" rel=\"noreferrer noopener\">Curso avanzado (aprendiendoarduino.com)<\/a><\/li>\n\n\n\n<li><a rel=\"noreferrer noopener\" href=\"https:\/\/www.youtube.com\/playlist?list=PLkFeYZKRTZ8b88C3gXKaLbGaJUB-jZBRU\" target=\"_blank\">10 proyectos Arduino (video) con el kit Elegoo<\/a><\/li>\n\n\n\n<li><a rel=\"noreferrer noopener\" href=\"https:\/\/controlautomaticoeducacion.com\/category\/arduino\/\" target=\"_blank\">Control Autom\u00e1tico con Arduino<\/a><\/li>\n\n\n\n<li><a href=\"https:\/\/howtomechatronics.com\/arduino-projects\/\" target=\"_blank\" rel=\"noreferrer noopener\">Proyectos Arduino (howtomechatronics.com)<\/a><\/li>\n<\/ul>\n","protected":false},"excerpt":{"rendered":"<p>RECURSOS ARDUINO BLOCKS ARDUINO KIT ELEGOO WEBS<\/p>\n","protected":false},"author":1,"featured_media":0,"parent":0,"menu_order":0,"comment_status":"closed","ping_status":"open","template":"","meta":[],"_links":{"self":[{"href":"https:\/\/arduinofp.edurobotic.eus\/index.php\/wp-json\/wp\/v2\/pages\/2"}],"collection":[{"href":"https:\/\/arduinofp.edurobotic.eus\/index.php\/wp-json\/wp\/v2\/pages"}],"about":[{"href":"https:\/\/arduinofp.edurobotic.eus\/index.php\/wp-json\/wp\/v2\/types\/page"}],"author":[{"embeddable":true,"href":"https:\/\/arduinofp.edurobotic.eus\/index.php\/wp-json\/wp\/v2\/users\/1"}],"replies":[{"embeddable":true,"href":"https:\/\/arduinofp.edurobotic.eus\/index.php\/wp-json\/wp\/v2\/comments?post=2"}],"version-history":[{"count":10,"href":"https:\/\/arduinofp.edurobotic.eus\/index.php\/wp-json\/wp\/v2\/pages\/2\/revisions"}],"predecessor-version":[{"id":27,"href":"https:\/\/arduinofp.edurobotic.eus\/index.php\/wp-json\/wp\/v2\/pages\/2\/revisions\/27"}],"wp:attachment":[{"href":"https:\/\/arduinofp.edurobotic.eus\/index.php\/wp-json\/wp\/v2\/media?parent=2"}],"curies":[{"name":"wp","href":"https:\/\/api.w.org\/{rel}","templated":true}]}}